{"id":1471,"date":"2026-03-11T07:30:43","date_gmt":"2026-03-11T07:30:43","guid":{"rendered":"http:\/\/reconbranding.com\/speedtech\/?post_type=product&#038;p=1471"},"modified":"2026-04-17T14:00:52","modified_gmt":"2026-04-17T14:00:52","slug":"edelstahl-schrauben-montagesatz-golf-1-chromstosstange-satz","status":"publish","type":"product","link":"http:\/\/reconbranding.com\/speedtech\/product\/edelstahl-schrauben-montagesatz-golf-1-chromstosstange-satz\/","title":{"rendered":"Golf 1 Chromsto\u00dfstange EDELSTAHL spiegelpoliert, hinten"},"content":{"rendered":"<h2>Beschreibung<\/h2>\n<p><strong style=\"color: red\">ORIGINAL Speed Tech-Produkt<\/strong><\/p>\n<h3 style=\"color: red\">ACHTUNG!<\/h3>\n<p><strong style=\"color: red\">Wir m\u00f6chten hiermit ausdr\u00fccklich darauf hinweisen, dass dieses Produkt NICHT mit dem von unseren Mitbewerbern (minderwertige Qualit\u00e4t in Verarbeitung und Finish) zu vergleichen ist.<\/strong><\/p>\n<p>Qualit\u00e4t \u201eMade in Germany\u201c<br \/>\n\u201eChromsto\u00dfstangen\u201c in EDELSTAHL \u2013 NIE WIEDER ROST<br \/>\n100% passgenau in der Form und der W\u00f6lbung<br \/>\nDas Material ist A4 Flugzeugedelstahl feinster G\u00fcte und ist spiegelpoliert (Finish vergleichbar mit Chrom)<br \/>\nVORNE<br \/>\nOhne Anbau- und Montageteile<br \/>\nPassend f\u00fcr Golf 1, Caddy 1, auch f\u00fcr sp\u00e4tere Golf 1 und Cabrios mit entsprechendem Anbaumaterial verwendbar<\/p>\n","protected":false},"excerpt":{"rendered":"<p>Beschreibung ORIGINAL Speed Tech-Produkt ACHTUNG! Wir m\u00f6chten hiermit ausdr\u00fccklich darauf hinweisen, dass dieses Produkt NICHT mit dem von unseren Mitbewerbern (minderwertige Qualit\u00e4t in Verarbeitung und Finish) zu vergleichen ist. Qualit\u00e4t \u201eMade in Germany\u201c \u201eChromsto\u00dfstangen\u201c in EDELSTAHL \u2013 NIE WIEDER ROST 100% passgenau in der Form und der W\u00f6lbung Das Material ist A4 Flugzeugedelstahl feinster G\u00fcte&#8230;<\/p>\n","protected":false},"featured_media":1475,"comment_status":"open","ping_status":"closed","template":"","meta":{"_bst_post_transparent":"default","_bst_post_title":"","_bst_post_layout":"default","_bst_post_sidebar_id":"","_bst_post_content_style":"default","_bst_post_vertical_padding":"default","_bst_post_feature":"","_bst_post_feature_position":"","_bst_post_header":false,"_bst_post_footer":false},"product_brand":[],"product_cat":[95,96,98],"product_tag":[],"product_brands":[],"class_list":{"0":"post-1471","1":"product","2":"type-product","3":"status-publish","4":"has-post-thumbnail","6":"product_cat-classic-parts","7":"product_cat-exterieur","8":"product_cat-stosstangen-zubehor","10":"first","11":"instock","12":"shipping-taxable","13":"purchasable","14":"product-type-simple","15":"entry","16":"content-bg","17":"loop-entry"},"_links":{"self":[{"href":"http:\/\/reconbranding.com\/speedtech\/wp-json\/wp\/v2\/product\/1471","targetHints":{"allow":["GET"]}}],"collection":[{"href":"http:\/\/reconbranding.com\/speedtech\/wp-json\/wp\/v2\/product"}],"about":[{"href":"http:\/\/reconbranding.com\/speedtech\/wp-json\/wp\/v2\/types\/product"}],"replies":[{"embeddable":true,"href":"http:\/\/reconbranding.com\/speedtech\/wp-json\/wp\/v2\/comments?post=1471"}],"wp:featuredmedia":[{"embeddable":true,"href":"http:\/\/reconbranding.com\/speedtech\/wp-json\/wp\/v2\/media\/1475"}],"wp:attachment":[{"href":"http:\/\/reconbranding.com\/speedtech\/wp-json\/wp\/v2\/media?parent=1471"}],"wp:term":[{"taxonomy":"product_brand","embeddable":true,"href":"http:\/\/reconbranding.com\/speedtech\/wp-json\/wp\/v2\/product_brand?post=1471"},{"taxonomy":"product_cat","embeddable":true,"href":"http:\/\/reconbranding.com\/speedtech\/wp-json\/wp\/v2\/product_cat?post=1471"},{"taxonomy":"product_tag","embeddable":true,"href":"http:\/\/reconbranding.com\/speedtech\/wp-json\/wp\/v2\/product_tag?post=1471"},{"taxonomy":"product_brands","embeddable":true,"href":"http:\/\/reconbranding.com\/speedtech\/wp-json\/wp\/v2\/product_brands?post=1471"}],"curies":[{"name":"wp","href":"https:\/\/api.w.org\/{rel}","templated":true}]}}