{"id":1503,"date":"2026-03-11T15:10:57","date_gmt":"2026-03-11T15:10:57","guid":{"rendered":"http:\/\/reconbranding.com\/speedtech\/?post_type=product&#038;p=1503"},"modified":"2026-04-06T17:51:26","modified_gmt":"2026-04-06T17:51:26","slug":"golf-1-gti-metall-stosstangen-schwarz-grundiert-lackierbar-komplett-set-2","status":"publish","type":"product","link":"http:\/\/reconbranding.com\/speedtech\/product\/golf-1-gti-metall-stosstangen-schwarz-grundiert-lackierbar-komplett-set-2\/","title":{"rendered":"Golf 1 GTI Metall-Sto\u00dfstangen, schwarz grundiert, lackierbar KOMPLETT-SET-2"},"content":{"rendered":"<h2>Beschreibung<\/h2>\n<p>Original Qualit\u00e4t \u201eMade in Germany\u201c<br \/>\nSpeed Tech-Produkt<br \/>\n100% passgenau in der Form und der W\u00f6lbung<br \/>\nSchwarz grundiert, direkt lackierbar<br \/>\nVORN + HINTEN + Prallschutzgummi vorn &amp; hinten + 4 St\u00fcck Sto\u00dfstangenhalter + 4 Sto\u00dfstangenecken + Montagemateriel (Schrauben)<br \/>\nPassend f\u00fcr Golf 1, Caddy 1, auch f\u00fcr sp\u00e4tere Golf 1 und Cabrios mit entsprechendem Anbaumaterial<br \/>\n<strong>Bitte beachten Sie, dass die Prallschutz-Gummis leichte Lagerspuren auf der Oberfl\u00e4che aufweisen k\u00f6nnen, <\/strong><br \/>\n<strong>dies ist produktionsbedingt und stellt keinen Mangel dar.<\/strong><\/p>\n","protected":false},"excerpt":{"rendered":"<p>Nicht vorr\u00e4tig<\/p>\n","protected":false},"featured_media":1504,"comment_status":"open","ping_status":"closed","template":"","meta":{"_bst_post_transparent":"default","_bst_post_title":"","_bst_post_layout":"default","_bst_post_sidebar_id":"","_bst_post_content_style":"default","_bst_post_vertical_padding":"default","_bst_post_feature":"","_bst_post_feature_position":"","_bst_post_header":false,"_bst_post_footer":false},"product_brand":[],"product_cat":[95,96,98],"product_tag":[],"product_brands":[],"class_list":{"0":"post-1503","1":"product","2":"type-product","3":"status-publish","4":"has-post-thumbnail","6":"product_cat-classic-parts","7":"product_cat-exterieur","8":"product_cat-stosstangen-zubehor","10":"first","11":"outofstock","12":"shipping-taxable","13":"purchasable","14":"product-type-simple","15":"entry","16":"content-bg","17":"loop-entry"},"_links":{"self":[{"href":"http:\/\/reconbranding.com\/speedtech\/wp-json\/wp\/v2\/product\/1503","targetHints":{"allow":["GET"]}}],"collection":[{"href":"http:\/\/reconbranding.com\/speedtech\/wp-json\/wp\/v2\/product"}],"about":[{"href":"http:\/\/reconbranding.com\/speedtech\/wp-json\/wp\/v2\/types\/product"}],"replies":[{"embeddable":true,"href":"http:\/\/reconbranding.com\/speedtech\/wp-json\/wp\/v2\/comments?post=1503"}],"wp:featuredmedia":[{"embeddable":true,"href":"http:\/\/reconbranding.com\/speedtech\/wp-json\/wp\/v2\/media\/1504"}],"wp:attachment":[{"href":"http:\/\/reconbranding.com\/speedtech\/wp-json\/wp\/v2\/media?parent=1503"}],"wp:term":[{"taxonomy":"product_brand","embeddable":true,"href":"http:\/\/reconbranding.com\/speedtech\/wp-json\/wp\/v2\/product_brand?post=1503"},{"taxonomy":"product_cat","embeddable":true,"href":"http:\/\/reconbranding.com\/speedtech\/wp-json\/wp\/v2\/product_cat?post=1503"},{"taxonomy":"product_tag","embeddable":true,"href":"http:\/\/reconbranding.com\/speedtech\/wp-json\/wp\/v2\/product_tag?post=1503"},{"taxonomy":"product_brands","embeddable":true,"href":"http:\/\/reconbranding.com\/speedtech\/wp-json\/wp\/v2\/product_brands?post=1503"}],"curies":[{"name":"wp","href":"https:\/\/api.w.org\/{rel}","templated":true}]}}