{"id":1670,"date":"2026-03-13T04:03:13","date_gmt":"2026-03-13T04:03:13","guid":{"rendered":"http:\/\/reconbranding.com\/speedtech\/?post_type=product&#038;p=1670"},"modified":"2026-04-05T21:42:43","modified_gmt":"2026-04-05T21:42:43","slug":"innenhimmel-golf-1-schwarz-mit-schiebedach-4-turig","status":"publish","type":"product","link":"http:\/\/reconbranding.com\/speedtech\/product\/innenhimmel-golf-1-schwarz-mit-schiebedach-4-turig\/","title":{"rendered":"Innenhimmel Golf 1 schwarz mit Schiebedach 4-t\u00fcrig"},"content":{"rendered":"<h2>Beschreibung<\/h2>\n<p>Innenhimmel, kompletter Satz, Passform wie das Original<br \/>\n7-teilig \u2013 1x Himmel, 1x Schiebedachverkleidung (hier nicht abgebildet)<br \/>\n2x A-S\u00e4ulenverkleidung, 2x B-S\u00e4ulenverkleidung, 2x C-S\u00e4ulenverkleidung)<br \/>\nVorgeformter Himmel, alle n\u00f6tigen Durchf\u00fchrungen sind bereits vorhanden<br \/>\nTOP-Qualit\u00e4t, sehr hochwertiges Synthetik-Leder<br \/>\nFarbe: schwarz<br \/>\nPassend f\u00fcr Golf 1, alle 4-T\u00fcrer mit Schiebedach<\/p>\n","protected":false},"excerpt":{"rendered":"<p>Beschreibung Innenhimmel, kompletter Satz, Passform wie das Original 7-teilig \u2013 1x Himmel, 1x Schiebedachverkleidung (hier nicht abgebildet) 2x A-S\u00e4ulenverkleidung, 2x B-S\u00e4ulenverkleidung, 2x C-S\u00e4ulenverkleidung) Vorgeformter Himmel, alle n\u00f6tigen Durchf\u00fchrungen sind bereits vorhanden TOP-Qualit\u00e4t, sehr hochwertiges Synthetik-Leder Farbe: schwarz Passend f\u00fcr Golf 1, alle 4-T\u00fcrer mit Schiebedach<\/p>\n","protected":false},"featured_media":1667,"comment_status":"open","ping_status":"closed","template":"","meta":{"_bst_post_transparent":"default","_bst_post_title":"","_bst_post_layout":"default","_bst_post_sidebar_id":"","_bst_post_content_style":"default","_bst_post_vertical_padding":"default","_bst_post_feature":"","_bst_post_feature_position":"","_bst_post_header":false,"_bst_post_footer":false},"product_brand":[],"product_cat":[95,100],"product_tag":[],"product_brands":[],"class_list":{"0":"post-1670","1":"product","2":"type-product","3":"status-publish","4":"has-post-thumbnail","6":"product_cat-classic-parts","7":"product_cat-interieur","9":"first","10":"instock","11":"shipping-taxable","12":"purchasable","13":"product-type-simple","14":"entry","15":"content-bg","16":"loop-entry"},"_links":{"self":[{"href":"http:\/\/reconbranding.com\/speedtech\/wp-json\/wp\/v2\/product\/1670","targetHints":{"allow":["GET"]}}],"collection":[{"href":"http:\/\/reconbranding.com\/speedtech\/wp-json\/wp\/v2\/product"}],"about":[{"href":"http:\/\/reconbranding.com\/speedtech\/wp-json\/wp\/v2\/types\/product"}],"replies":[{"embeddable":true,"href":"http:\/\/reconbranding.com\/speedtech\/wp-json\/wp\/v2\/comments?post=1670"}],"wp:featuredmedia":[{"embeddable":true,"href":"http:\/\/reconbranding.com\/speedtech\/wp-json\/wp\/v2\/media\/1667"}],"wp:attachment":[{"href":"http:\/\/reconbranding.com\/speedtech\/wp-json\/wp\/v2\/media?parent=1670"}],"wp:term":[{"taxonomy":"product_brand","embeddable":true,"href":"http:\/\/reconbranding.com\/speedtech\/wp-json\/wp\/v2\/product_brand?post=1670"},{"taxonomy":"product_cat","embeddable":true,"href":"http:\/\/reconbranding.com\/speedtech\/wp-json\/wp\/v2\/product_cat?post=1670"},{"taxonomy":"product_tag","embeddable":true,"href":"http:\/\/reconbranding.com\/speedtech\/wp-json\/wp\/v2\/product_tag?post=1670"},{"taxonomy":"product_brands","embeddable":true,"href":"http:\/\/reconbranding.com\/speedtech\/wp-json\/wp\/v2\/product_brands?post=1670"}],"curies":[{"name":"wp","href":"https:\/\/api.w.org\/{rel}","templated":true}]}}